{"id":7,"date":"2018-03-26T12:07:22","date_gmt":"2018-03-26T05:07:22","guid":{"rendered":"http:\/\/kimhoaleather.com\/?page_id=7"},"modified":"2025-02-22T09:02:53","modified_gmt":"2025-02-22T02:02:53","slug":"gioi-thieu-giuseart","status":"publish","type":"page","link":"https:\/\/kimhoaleather.com\/?page_id=7","title":{"rendered":"Gi\u1edbi thi\u1ec7u"},"content":{"rendered":"<p><strong>C\u00f4ng Ty TNHH Xu\u1ea5t Nh\u1eadp Kh\u1ea9u Kim H\u00f2a<\/strong><\/p>\n<p><strong>Gi\u1edbi thi\u1ec7u t\u1ed5ng quan v\u1ec1 c\u00f4ng ty<\/strong>:<\/p>\n<ul>\n<li>T\u00ean c\u00f4ng ty: C\u00f4ng Ty TNHH Xu\u1ea5t Nh\u1eadp Kh\u1ea9u Kim H\u00f2a<\/li>\n<li>N\u0103m th\u00e0nh l\u1eadp: 2012<\/li>\n<li>L\u0129nh v\u1ef1c ho\u1ea1t \u0111\u1ed9ng: Xu\u1ea5t nh\u1eadp kh\u1ea9u v\u00e0 ph\u00e2n ph\u1ed1i da b\u00f2 nh\u1eadp kh\u1ea9u: Da b\u00f2 nguy\u00ean t\u1ea5m, da b\u00f2 thu\u1ed9c, da b\u00f2 s\u00e1p, da b\u00f2 nappa, v.v.<\/li>\n<li>C\u00f4ng ty \u0111\u01b0\u1ee3c th\u00e0nh l\u1eadp v\u00e0o n\u0103m 2012 v\u1edbi m\u1ee5c ti\u00eau cung c\u1ea5p c\u00e1c s\u1ea3n ph\u1ea9m da b\u00f2 ch\u1ea5t l\u01b0\u1ee3ng cao cho th\u1ecb tr\u01b0\u1eddng trong n\u01b0\u1edbc v\u00e0 qu\u1ed1c t\u1ebf.Tr\u1ea3i qua h\u01a1n 10 n\u0103m ph\u00e1t tri\u1ec3n, C\u00f4ng Ty TNHH Xu\u1ea5t Nh\u1eadp Kh\u1ea9u Kim H\u00f2a \u0111\u00e3 x\u00e2y d\u1ef1ng \u0111\u01b0\u1ee3c uy t\u00edn v\u00e0 th\u01b0\u01a1ng hi\u1ec7u v\u1eefng ch\u1eafc trong ng\u00e0nh.<\/li>\n<li>Mang \u0111\u1ebfn cho kh\u00e1ch h\u00e0ng nh\u1eefng s\u1ea3n ph\u1ea9m da b\u00f2 ch\u1ea5t l\u01b0\u1ee3ng cao, \u0111\u00e1p \u1ee9ng nhu c\u1ea7u \u0111a d\u1ea1ng c\u1ee7a th\u1ecb tr\u01b0\u1eddng.<\/li>\n<li>H\u1ee3p t\u00e1c v\u1edbi nhi\u1ec1u \u0111\u1ed1i t\u00e1c uy t\u00edn trong v\u00e0 ngo\u00e0i n\u01b0\u1edbc \u0111\u1ec3 \u0111\u1ea3m b\u1ea3o ngu\u1ed3n cung c\u1ea5p s\u1ea3n ph\u1ea9m ch\u1ea5t l\u01b0\u1ee3ng cao nh\u01b0: Brazil, Italy,&#8230;<\/li>\n<li>C\u00f4ng ty \u0111\u00e3 \u0111\u1ea1t \u0111\u01b0\u1ee3c nhi\u1ec1u th\u00e0nh t\u1ef1u \u0111\u00e1ng k\u1ec3 trong l\u0129nh v\u1ef1c nh\u1eadp kh\u1ea9u v\u00e0 ph\u00e2n ph\u1ed1i da b\u00f2<\/li>\n<li><strong>Th\u00f4ng tin li\u00ean h\u1ec7<\/strong>:\n<ul>\n<li>\u0110\u1ecba ch\u1ec9:\u00a0S\u1ed1 14 Ng\u00f5 176 Ph\u1ed1 Mai D\u1ecbch, Ph\u01b0\u1eddng Mai D\u1ecbch, Qu\u1eadn C\u1ea7u Gi\u1ea5y,\u00a0<span class=\"fw-semibold\">H\u00e0 N\u1ed9i<\/span><\/li>\n<li>S\u1ed1 \u0111i\u1ec7n tho\u1ea1i:\u00a0<a style=\"font-size: 14.4px;\" href=\"tel:0968230389\">0968 230 389<\/a><\/li>\n<li>Email:\u00a0<a id=\"email_lienhe\" href=\"mailto:kimhoa168811@gmail.com\">kimhoa168811@gmail.com<\/a><\/li>\n<\/ul>\n<\/li>\n<\/ul>\n","protected":false},"excerpt":{"rendered":"<p>C\u00f4ng Ty TNHH Xu\u1ea5t Nh\u1eadp Kh\u1ea9u Kim H\u00f2a Gi\u1edbi thi\u1ec7u t\u1ed5ng quan v\u1ec1 c\u00f4ng ty: T\u00ean c\u00f4ng ty: C\u00f4ng Ty TNHH Xu\u1ea5t Nh\u1eadp Kh\u1ea9u Kim H\u00f2a N\u0103m th\u00e0nh l\u1eadp: 2012 L\u0129nh v\u1ef1c ho\u1ea1t \u0111\u1ed9ng: Xu\u1ea5t nh\u1eadp kh\u1ea9u v\u00e0 ph\u00e2n ph\u1ed1i da b\u00f2 nh\u1eadp kh\u1ea9u: Da b\u00f2 nguy\u00ean t\u1ea5m, da b\u00f2 thu\u1ed9c, da b\u00f2 s\u00e1p, da [&#8230;]\n","protected":false},"author":2,"featured_media":0,"parent":0,"menu_order":0,"comment_status":"closed","ping_status":"closed","template":"page-right-sidebar.php","meta":{"footnotes":""},"class_list":["post-7","page","type-page","status-publish","hentry"],"_links":{"self":[{"href":"https:\/\/kimhoaleather.com\/index.php?rest_route=\/wp\/v2\/pages\/7","targetHints":{"allow":["GET"]}}],"collection":[{"href":"https:\/\/kimhoaleather.com\/index.php?rest_route=\/wp\/v2\/pages"}],"about":[{"href":"https:\/\/kimhoaleather.com\/index.php?rest_route=\/wp\/v2\/types\/page"}],"author":[{"embeddable":true,"href":"https:\/\/kimhoaleather.com\/index.php?rest_route=\/wp\/v2\/users\/2"}],"replies":[{"embeddable":true,"href":"https:\/\/kimhoaleather.com\/index.php?rest_route=%2Fwp%2Fv2%2Fcomments&post=7"}],"version-history":[{"count":4,"href":"https:\/\/kimhoaleather.com\/index.php?rest_route=\/wp\/v2\/pages\/7\/revisions"}],"predecessor-version":[{"id":1165,"href":"https:\/\/kimhoaleather.com\/index.php?rest_route=\/wp\/v2\/pages\/7\/revisions\/1165"}],"wp:attachment":[{"href":"https:\/\/kimhoaleather.com\/index.php?rest_route=%2Fwp%2Fv2%2Fmedia&parent=7"}],"curies":[{"name":"wp","href":"https:\/\/api.w.org\/{rel}","templated":true}]}}