{"id":5,"date":"2018-03-26T12:07:16","date_gmt":"2018-03-26T05:07:16","guid":{"rendered":"http:\/\/kimhoaleather.com\/?page_id=5"},"modified":"2025-02-22T09:03:06","modified_gmt":"2025-02-22T02:03:06","slug":"lien-he","status":"publish","type":"page","link":"https:\/\/kimhoaleather.com\/?page_id=5","title":{"rendered":"Li\u00ean h\u1ec7"},"content":{"rendered":"<h3>V\u1ec0 CH\u00daNG T\u00d4I<\/h3>\n<ul>\n<li><strong>Th\u00f4ng tin li\u00ean h\u1ec7<\/strong>:\n<ul>\n<li>\u0110\u1ecba ch\u1ec9:\u00a0S\u1ed1 14 Ng\u00f5 176 Ph\u1ed1 Mai D\u1ecbch, Ph\u01b0\u1eddng Mai D\u1ecbch, Qu\u1eadn C\u1ea7u Gi\u1ea5y,\u00a0<span class=\"fw-semibold\">H\u00e0 N\u1ed9i<\/span><\/li>\n<li>S\u1ed1 \u0111i\u1ec7n tho\u1ea1i:\u00a0<a style=\"font-size: 14.4px;\" href=\"tel:0968230389\">0968 230 389<\/a><\/li>\n<li>Email:\u00a0<a id=\"email_lienhe\" href=\"mailto:kimhoa168811@gmail.com\">kimhoa168811@gmail.com<\/a><\/li>\n<\/ul>\n<\/li>\n<\/ul>\n","protected":false},"excerpt":{"rendered":"<p>V\u1ec0 CH\u00daNG T\u00d4I Th\u00f4ng tin li\u00ean h\u1ec7: \u0110\u1ecba ch\u1ec9:\u00a0S\u1ed1 14 Ng\u00f5 176 Ph\u1ed1 Mai D\u1ecbch, Ph\u01b0\u1eddng Mai D\u1ecbch, Qu\u1eadn C\u1ea7u Gi\u1ea5y,\u00a0H\u00e0 N\u1ed9i S\u1ed1 \u0111i\u1ec7n tho\u1ea1i:\u00a00968 230 389 Email:\u00a0kimhoa168811@gmail.com<\/p>\n","protected":false},"author":2,"featured_media":0,"parent":0,"menu_order":0,"comment_status":"closed","ping_status":"closed","template":"page-right-sidebar.php","meta":{"footnotes":""},"class_list":["post-5","page","type-page","status-publish","hentry"],"_links":{"self":[{"href":"https:\/\/kimhoaleather.com\/index.php?rest_route=\/wp\/v2\/pages\/5","targetHints":{"allow":["GET"]}}],"collection":[{"href":"https:\/\/kimhoaleather.com\/index.php?rest_route=\/wp\/v2\/pages"}],"about":[{"href":"https:\/\/kimhoaleather.com\/index.php?rest_route=\/wp\/v2\/types\/page"}],"author":[{"embeddable":true,"href":"https:\/\/kimhoaleather.com\/index.php?rest_route=\/wp\/v2\/users\/2"}],"replies":[{"embeddable":true,"href":"https:\/\/kimhoaleather.com\/index.php?rest_route=%2Fwp%2Fv2%2Fcomments&post=5"}],"version-history":[{"count":2,"href":"https:\/\/kimhoaleather.com\/index.php?rest_route=\/wp\/v2\/pages\/5\/revisions"}],"predecessor-version":[{"id":1166,"href":"https:\/\/kimhoaleather.com\/index.php?rest_route=\/wp\/v2\/pages\/5\/revisions\/1166"}],"wp:attachment":[{"href":"https:\/\/kimhoaleather.com\/index.php?rest_route=%2Fwp%2Fv2%2Fmedia&parent=5"}],"curies":[{"name":"wp","href":"https:\/\/api.w.org\/{rel}","templated":true}]}}