{"id":1171,"date":"2025-02-22T09:18:17","date_gmt":"2025-02-22T02:18:17","guid":{"rendered":"https:\/\/kimhoaleather.com\/?page_id=1171"},"modified":"2025-04-02T11:08:51","modified_gmt":"2025-04-02T04:08:51","slug":"da-bo-tam-nguyen-lieu","status":"publish","type":"page","link":"https:\/\/kimhoaleather.com\/?page_id=1171","title":{"rendered":"Da b\u00f2 t\u1ea5m nguy\u00ean li\u1ec7u"},"content":{"rendered":"<div class=\"slider-wrapper relative\" id=\"slider-1885063270\" >\n    <div class=\"slider slider-nav-circle slider-nav-large slider-nav-light slider-style-shadow\"\n        data-flickity-options='{\n            \"cellAlign\": \"center\",\n            \"imagesLoaded\": true,\n            \"lazyLoad\": 1,\n            \"freeScroll\": false,\n            \"wrapAround\": true,\n            \"autoPlay\": 6000,\n            \"pauseAutoPlayOnHover\" : true,\n            \"prevNextButtons\": true,\n            \"contain\" : true,\n            \"adaptiveHeight\" : true,\n            \"dragThreshold\" : 10,\n            \"percentPosition\": true,\n            \"pageDots\": true,\n            \"rightToLeft\": false,\n            \"draggable\": true,\n            \"selectedAttraction\": 0.1,\n            \"parallax\" : 0,\n            \"friction\": 0.6        }'\n        >\n        \n\n  <div class=\"banner has-hover\" id=\"banner-1349345753\">\n          <div class=\"banner-inner fill\">\n        <div class=\"banner-bg fill\" >\n            <div class=\"bg fill bg-fill \"><\/div>\n                        <div class=\"overlay\"><\/div>            \n                    <\/div>\n\t\t\n        <div class=\"banner-layers container\">\n            <div class=\"fill banner-link\"><\/div>            \n   <div id=\"text-box-1786834516\" class=\"text-box banner-layer text-box-circle x95 md-x95 lg-x95 y90 md-y90 lg-y90 res-text\">\n                                <div class=\"text-box-content text box-shadow-3 dark\">\n              \n              <div class=\"text-inner text-center\">\n                  \n<h3 class=\"uppercase thin-font\"><strong>Product<\/strong><\/h3>\n<h3 class=\"thin-font\"><strong>by Kim H\u00f2a Leather<\/strong><\/h3>\n<a href=\"https:\/\/zalo.me\/0968230389\" target=\"_self\" class=\"button white is-outline lowercase\"  >\n    <span>CONTACT NOW<\/span>\n  <\/a>\n\n              <\/div>\n           <\/div>\n                            \n<style>\n#text-box-1786834516 .text-box-content {\n  background-color: rgba(0, 0, 0, 0.86);\n  font-size: 100%;\n}\n#text-box-1786834516 .text-inner {\n  padding: 30px 30px 30px 30px;\n}\n#text-box-1786834516 {\n  width: 60%;\n}\n@media (min-width:550px) {\n  #text-box-1786834516 {\n    width: 40%;\n  }\n}\n<\/style>\n    <\/div>\n \n        <\/div>\n      <\/div>\n\n            \n<style>\n#banner-1349345753 {\n  padding-top: 600px;\n}\n#banner-1349345753 .bg.bg-loaded {\n  background-image: url(https:\/\/kimhoaleather.com\/wp-content\/uploads\/2025\/02\/k3-e1739958599440.jpg);\n}\n#banner-1349345753 .overlay {\n  background-color: rgba(0, 0, 0, 0.03);\n}\n#banner-1349345753 .bg {\n  background-position: 0% 62%;\n}\n#banner-1349345753 .ux-shape-divider--top svg {\n  height: 150px;\n  --divider-top-width: 100%;\n}\n#banner-1349345753 .ux-shape-divider--bottom svg {\n  height: 150px;\n  --divider-width: 100%;\n}\n<\/style>\n  <\/div>\n\n\n\n  <div class=\"banner has-hover\" id=\"banner-390595150\">\n          <div class=\"banner-inner fill\">\n        <div class=\"banner-bg fill\" >\n            <div class=\"bg fill bg-fill \"><\/div>\n                        <div class=\"overlay\"><\/div>            \n                    <\/div>\n\t\t\n        <div class=\"banner-layers container\">\n            <div class=\"fill banner-link\"><\/div>            \n   <div id=\"text-box-2128465633\" class=\"text-box banner-layer x100 md-x100 lg-x100 y90 md-y90 lg-y90 res-text\">\n                     <div data-animate=\"flipInY\">           <div class=\"text-box-content text dark\">\n              \n              <div class=\"text-inner text-center\">\n                  \n<h1 class=\"alt-font\">The best quality &#8230;<\/h1>\n<div class=\"is-divider divider clearfix\" style=\"margin-top:3px;margin-bottom:3px;\"><\/div>\n<a href=\"https:\/\/zalo.me\/0968230389\" target=\"_self\" class=\"button white is-outline\"  >\n    <span>contact now<\/span>\n  <\/a>\n\n              <\/div>\n           <\/div>\n       <\/div>                     \n<style>\n#text-box-2128465633 {\n  width: 100%;\n}\n#text-box-2128465633 .text-box-content {\n  font-size: 100%;\n}\n@media (min-width:550px) {\n  #text-box-2128465633 {\n    width: 70%;\n  }\n}\n<\/style>\n    <\/div>\n \n        <\/div>\n      <\/div>\n\n            \n<style>\n#banner-390595150 {\n  padding-top: 600px;\n}\n#banner-390595150 .bg.bg-loaded {\n  background-image: url(https:\/\/kimhoaleather.com\/wp-content\/uploads\/2025\/03\/KHG207-2-2048x1363.jpg);\n}\n#banner-390595150 .overlay {\n  background-color: rgba(0, 0, 0, 0.02);\n}\n#banner-390595150 .bg {\n  background-position: 46% 46%;\n}\n#banner-390595150 .ux-shape-divider--top svg {\n  height: 150px;\n  --divider-top-width: 100%;\n}\n#banner-390595150 .ux-shape-divider--bottom svg {\n  height: 150px;\n  --divider-width: 100%;\n}\n<\/style>\n  <\/div>\n\n\n\n  <div class=\"banner has-hover\" id=\"banner-981339007\">\n          <div class=\"banner-inner fill\">\n        <div class=\"banner-bg fill\" >\n            <div class=\"bg fill bg-fill \"><\/div>\n                        <div class=\"overlay\"><\/div>            \n                    <\/div>\n\t\t\n        <div class=\"banner-layers container\">\n            <div class=\"fill banner-link\"><\/div>            \n   <div id=\"text-box-206856826\" class=\"text-box banner-layer x100 md-x100 lg-x100 y95 md-y95 lg-y95 res-text\">\n                     <div data-animate=\"flipInY\">           <div class=\"text-box-content text dark\">\n              \n              <div class=\"text-inner text-center\">\n                  \n<h3 class=\"alt-font\">The best quality from&#8230;<\/h3>\n<div class=\"is-divider divider clearfix\" style=\"margin-top:3px;margin-bottom:3px;\"><\/div>\n\t<div id=\"text-875858586\" class=\"text\">\n\t\t\n<h1 class=\"h-large uppercase\"><span style=\"font-size: 160%;\"><strong>KIM H\u00d2A LEATHER<\/strong><\/span><\/h1>\n<h1 class=\"uppercase\"><span style=\"font-size: 100%;\"<\/strong><\/span><\/h1>\n\t\t\n<style>\n#text-875858586 {\n  font-size: 0.75rem;\n}\n<\/style>\n\t<\/div>\n\t\n<div class=\"is-divider divider clearfix\" ><\/div>\n<a href=\"https:\/\/zalo.me\/0968230389\" target=\"_self\" class=\"button white is-outline\"  >\n    <span>Shop now<\/span>\n  <\/a>\n\n              <\/div>\n           <\/div>\n       <\/div>                     \n<style>\n#text-box-206856826 {\n  width: 100%;\n}\n#text-box-206856826 .text-box-content {\n  font-size: 100%;\n}\n@media (min-width:550px) {\n  #text-box-206856826 {\n    width: 70%;\n  }\n}\n<\/style>\n    <\/div>\n \n        <\/div>\n      <\/div>\n\n            \n<style>\n#banner-981339007 {\n  padding-top: 600px;\n}\n#banner-981339007 .bg.bg-loaded {\n  background-image: url(https:\/\/kimhoaleather.com\/wp-content\/uploads\/2025\/02\/KEY_2650-2048x1365.jpg);\n}\n#banner-981339007 .overlay {\n  background-color: rgba(0, 0, 0, 0.02);\n}\n#banner-981339007 .bg {\n  background-position: 46% 46%;\n}\n#banner-981339007 .ux-shape-divider--top svg {\n  height: 150px;\n  --divider-top-width: 100%;\n}\n#banner-981339007 .ux-shape-divider--bottom svg {\n  height: 150px;\n  --divider-width: 100%;\n}\n<\/style>\n  <\/div>\n\n\n\n  <div class=\"banner has-hover\" id=\"banner-111408975\">\n          <div class=\"banner-inner fill\">\n        <div class=\"banner-bg fill\" >\n            <div class=\"bg fill bg-fill \"><\/div>\n                        <div class=\"overlay\"><\/div>            \n                    <\/div>\n\t\t\n        <div class=\"banner-layers container\">\n            <div class=\"fill banner-link\"><\/div>            \n   <div id=\"text-box-1039503394\" class=\"text-box banner-layer x100 md-x100 lg-x100 y85 md-y85 lg-y85 res-text\">\n                                <div class=\"text-box-content text dark\">\n              \n              <div class=\"text-inner text-center\">\n                  \n<h2 class=\"alt-font thin-font uppercase\">THE BEST CHOICE EVER.<\/h2>\n              <\/div>\n           <\/div>\n                            \n<style>\n#text-box-1039503394 {\n  width: 60%;\n}\n#text-box-1039503394 .text-box-content {\n  font-size: 100%;\n}\n@media (min-width:550px) {\n  #text-box-1039503394 {\n    width: 60%;\n  }\n}\n<\/style>\n    <\/div>\n \n        <\/div>\n      <\/div>\n\n            \n<style>\n#banner-111408975 {\n  padding-top: 600px;\n}\n#banner-111408975 .bg.bg-loaded {\n  background-image: url(https:\/\/kimhoaleather.com\/wp-content\/uploads\/2025\/03\/sofa-modular-heaven-35_720x.webp);\n}\n#banner-111408975 .overlay {\n  background-color: rgba(0, 0, 0, 0.03);\n}\n#banner-111408975 .bg {\n  background-position: 35% 68%;\n}\n#banner-111408975 .ux-shape-divider--top svg {\n  height: 150px;\n  --divider-top-width: 100%;\n}\n#banner-111408975 .ux-shape-divider--bottom svg {\n  height: 150px;\n  --divider-width: 100%;\n}\n<\/style>\n  <\/div>\n\n\n     <\/div>\n\n     <div class=\"loading-spin dark large centered\"><\/div>\n\n     \t<\/div>\n\n\n\t<div id=\"gap-1712950356\" class=\"gap-element clearfix\" style=\"display:block; height:auto;\">\n\t\t\n<style>\n#gap-1712950356 {\n  padding-top: 40px;\n}\n<\/style>\n\t<\/div>\n\t\n<div class=\"slider-wrapper relative\" id=\"slider-580289599\" >\n    <div class=\"slider slider-nav-circle slider-nav-large slider-nav-light slider-style-normal\"\n        data-flickity-options='{\n            \"cellAlign\": \"center\",\n            \"imagesLoaded\": true,\n            \"lazyLoad\": 1,\n            \"freeScroll\": false,\n            \"wrapAround\": true,\n            \"autoPlay\": 2000,\n            \"pauseAutoPlayOnHover\" : true,\n            \"prevNextButtons\": true,\n            \"contain\" : true,\n            \"adaptiveHeight\" : true,\n            \"dragThreshold\" : 10,\n            \"percentPosition\": true,\n            \"pageDots\": true,\n            \"rightToLeft\": false,\n            \"draggable\": true,\n            \"selectedAttraction\": 0.1,\n            \"parallax\" : 0,\n            \"friction\": 0.6        }'\n        >\n        \n\n  <div class=\"banner has-hover has-parallax\" id=\"banner-802693022\">\n          <div class=\"banner-inner fill\">\n        <div class=\"banner-bg fill\" data-parallax=\"-1\" data-parallax-container=\".banner\" data-parallax-background>\n            <div class=\"bg fill bg-fill \"><\/div>\n                                    \n                    <\/div>\n\t\t\n        <div class=\"banner-layers container\">\n            <div class=\"fill banner-link\"><\/div>            \n   <div id=\"text-box-1471854628\" class=\"text-box banner-layer x50 md-x50 lg-x50 y50 md-y50 lg-y50 res-text\">\n                                <div class=\"text-box-content text dark\">\n              \n              <div class=\"text-inner text-center\">\n                  \n  <div class=\"icon-box testimonial-box icon-box-left text-left\">\n                <div class=\"icon-box-img testimonial-image circle\" style=\"width: 117px\">\n              <img loading=\"lazy\" decoding=\"async\" width=\"150\" height=\"150\" src=\"https:\/\/kimhoaleather.com\/wp-content\/uploads\/2025\/03\/giovanni1-150x150.jpg\" class=\"attachment-thumbnail size-thumbnail\" alt=\"\" \/>        <\/div>\n                <div class=\"icon-box-text p-last-0\">\n          <div class=\"star-rating\"><span style=\"width:100%\"><strong class=\"rating\"><\/strong><\/span><\/div>  \t\t\t\t<div class=\"testimonial-text line-height-small italic test_text first-reset last-reset is-italic\">\n            \n<p>Ch\u00fang t\u00f4i lu\u00f4n tin t\u01b0\u1edfng v\u00e0o ch\u1ea5t l\u01b0\u1ee3ng da c\u1ee7a Kim H\u00f2a Leather. S\u1ea3n ph\u1ea9m c\u1ee7a ch\u00fang t\u00f4i s\u1eed d\u1ee5ng da c\u1ee7a Kim H\u00f2a Leather lu\u00f4n \u0111\u01b0\u1ee3c kh\u00e1ch h\u00e0ng \u01b0a chu\u1ed9ng b\u1edfi ch\u1ea5t l\u01b0\u1ee3ng c\u0169ng nh\u01b0 \u0111\u1ed3 b\u1ec1n c\u1ef1c cao.<\/p>\n          <\/div>\n          <div class=\"testimonial-meta pt-half\">\n             <strong class=\"testimonial-name test_name\">Mr. Nguy\u1ec5n Tr\u1ecdng Phi<\/strong>\n             <span class=\"testimonial-name-divider\"> \/ <\/span>             <span class=\"testimonial-company test_company\">Giovanni Luxury<\/span>\n          <\/div>\n        <\/div>\n  <\/div>\n\n  \n              <\/div>\n           <\/div>\n                            \n<style>\n#text-box-1471854628 {\n  width: 80%;\n}\n#text-box-1471854628 .text-box-content {\n  font-size: 100%;\n}\n<\/style>\n    <\/div>\n \n        <\/div>\n      <\/div>\n\n            \n<style>\n#banner-802693022 {\n  padding-top: 300px;\n}\n#banner-802693022 .bg.bg-loaded {\n  background-image: 8011;\n}\n#banner-802693022 .ux-shape-divider--top svg {\n  height: 150px;\n  --divider-top-width: 100%;\n}\n#banner-802693022 .ux-shape-divider--bottom svg {\n  height: 150px;\n  --divider-width: 100%;\n}\n<\/style>\n  <\/div>\n\n\n\n  <div class=\"banner has-hover has-parallax\" id=\"banner-1388970809\">\n          <div class=\"banner-inner fill\">\n        <div class=\"banner-bg fill\" data-parallax=\"-1\" data-parallax-container=\".banner\" data-parallax-background>\n            <div class=\"bg fill bg-fill \"><\/div>\n                                    \n                    <\/div>\n\t\t\n        <div class=\"banner-layers container\">\n            <div class=\"fill banner-link\"><\/div>            \n   <div id=\"text-box-1759386284\" class=\"text-box banner-layer x50 md-x50 lg-x50 y50 md-y50 lg-y50 res-text\">\n                                <div class=\"text-box-content text dark\">\n              \n              <div class=\"text-inner text-center\">\n                  \n  <div class=\"icon-box testimonial-box icon-box-left text-left\">\n                <div class=\"icon-box-img testimonial-image circle\" style=\"width: 131px\">\n              <img loading=\"lazy\" decoding=\"async\" width=\"150\" height=\"150\" src=\"https:\/\/kimhoaleather.com\/wp-content\/uploads\/2025\/03\/logo-smartcar-150x150.png\" class=\"attachment-thumbnail size-thumbnail\" alt=\"\" \/>        <\/div>\n                <div class=\"icon-box-text p-last-0\">\n          <div class=\"star-rating\"><span style=\"width:100%\"><strong class=\"rating\"><\/strong><\/span><\/div>  \t\t\t\t<div class=\"testimonial-text line-height-small italic test_text first-reset last-reset is-italic\">\n            \n<p>Ch\u1ea5t l\u01b0\u1ee3ng tr\u00ean c\u1ea3 tuy\u1ec7t v\u1eddi! <\/p>\n          <\/div>\n          <div class=\"testimonial-meta pt-half\">\n             <strong class=\"testimonial-name test_name\">Mr.Th\u1eafng<\/strong>\n             <span class=\"testimonial-name-divider\"> \/ <\/span>             <span class=\"testimonial-company test_company\">SmartCar<\/span>\n          <\/div>\n        <\/div>\n  <\/div>\n\n  \n              <\/div>\n           <\/div>\n                            \n<style>\n#text-box-1759386284 {\n  width: 80%;\n}\n#text-box-1759386284 .text-box-content {\n  font-size: 100%;\n}\n<\/style>\n    <\/div>\n \n        <\/div>\n      <\/div>\n\n            \n<style>\n#banner-1388970809 {\n  padding-top: 300px;\n}\n#banner-1388970809 .bg.bg-loaded {\n  background-image: 8011;\n}\n#banner-1388970809 .ux-shape-divider--top svg {\n  height: 150px;\n  --divider-top-width: 100%;\n}\n#banner-1388970809 .ux-shape-divider--bottom svg {\n  height: 150px;\n  --divider-width: 100%;\n}\n<\/style>\n  <\/div>\n\n\n     <\/div>\n\n     <div class=\"loading-spin dark large centered\"><\/div>\n\n     \t<\/div>\n\n\n\n  \n    <div class=\"row large-columns-4 medium-columns-3 small-columns-1 slider row-slider slider-nav-reveal slider-nav-push\"  data-flickity-options='{\"imagesLoaded\": true, \"groupCells\": \"100%\", \"dragThreshold\" : 5, \"cellAlign\": \"left\",\"wrapAround\": true,\"prevNextButtons\": true,\"percentPosition\": true,\"pageDots\": false, \"rightToLeft\": false, \"autoPlay\" : false}'>\n\n  <\/div>\n","protected":false},"excerpt":{"rendered":"","protected":false},"author":2,"featured_media":0,"parent":0,"menu_order":0,"comment_status":"closed","ping_status":"closed","template":"page-blank.php","meta":{"footnotes":""},"class_list":["post-1171","page","type-page","status-publish","hentry"],"_links":{"self":[{"href":"https:\/\/kimhoaleather.com\/index.php?rest_route=\/wp\/v2\/pages\/1171","targetHints":{"allow":["GET"]}}],"collection":[{"href":"https:\/\/kimhoaleather.com\/index.php?rest_route=\/wp\/v2\/pages"}],"about":[{"href":"https:\/\/kimhoaleather.com\/index.php?rest_route=\/wp\/v2\/types\/page"}],"author":[{"embeddable":true,"href":"https:\/\/kimhoaleather.com\/index.php?rest_route=\/wp\/v2\/users\/2"}],"replies":[{"embeddable":true,"href":"https:\/\/kimhoaleather.com\/index.php?rest_route=%2Fwp%2Fv2%2Fcomments&post=1171"}],"version-history":[{"count":51,"href":"https:\/\/kimhoaleather.com\/index.php?rest_route=\/wp\/v2\/pages\/1171\/revisions"}],"predecessor-version":[{"id":1492,"href":"https:\/\/kimhoaleather.com\/index.php?rest_route=\/wp\/v2\/pages\/1171\/revisions\/1492"}],"wp:attachment":[{"href":"https:\/\/kimhoaleather.com\/index.php?rest_route=%2Fwp%2Fv2%2Fmedia&parent=1171"}],"curies":[{"name":"wp","href":"https:\/\/api.w.org\/{rel}","templated":true}]}}